{"id":4879,"date":"2023-11-07T15:55:08","date_gmt":"2023-11-07T15:55:08","guid":{"rendered":"https:\/\/reloadretro.com\/?page_id=4879"},"modified":"2025-01-14T13:53:21","modified_gmt":"2025-01-14T13:53:21","slug":"return-refund-policy","status":"publish","type":"page","link":"https:\/\/reloadretro.com\/de\/ruckgabe-und-ruckerstattungsrichtlinie\/","title":{"rendered":"R\u00fcckgabe- und R\u00fcckerstattungsrichtlinie"},"content":{"rendered":"<h2 class=\"wp-block-heading\">R\u00fcckgabe- und R\u00fcckerstattungsrichtlinie<\/h2>\n\n\n\n<p>Zuletzt aktualisiert: 07. November 2023<\/p>\n\n\n\n<p>Vielen Dank f\u00fcr Ihren Einkauf bei Reload Retro.<\/p>\n\n\n\n<p>Wenn Sie aus irgendeinem Grund mit einem Kauf nicht vollst\u00e4ndig zufrieden sind, laden wir Sie ein, unsere Richtlinien f\u00fcr R\u00fcckerstattungen und R\u00fccksendungen zu lesen. Diese R\u00fcckgabe- und R\u00fcckerstattungsrichtlinie wurde mit Hilfe von ReloadRetro erstellt.<\/p>\n\n\n\n<p>Die folgenden Bedingungen gelten f\u00fcr alle Produkte, die Sie bei uns gekauft haben.<\/p>\n\n\n\n<h2 class=\"wp-block-heading\">Interpretation und Definitionen<\/h2>\n\n\n\n<h3 class=\"wp-block-heading\">Interpretation<\/h3>\n\n\n\n<p>Die W\u00f6rter, deren Anfangsbuchstabe gro\u00df geschrieben ist, haben unter den folgenden Bedingungen die definierte Bedeutung. Die folgenden Definitionen haben dieselbe Bedeutung, unabh\u00e4ngig davon, ob sie im Singular oder im Plural stehen.<\/p>\n\n\n\n<h3 class=\"wp-block-heading\">Definitionen<\/h3>\n\n\n\n<p>F\u00fcr die Zwecke dieser R\u00fcckgabe- und Erstattungsrichtlinie gilt Folgendes:<\/p>\n\n\n\n<ul class=\"wp-block-list\">\n<li><strong>Unternehmen<\/strong> (in dieser Vereinbarung als \u201edas Unternehmen\u201c, \u201eWir\u201c, \u201eUns\u201c oder \u201eUnser\u201c bezeichnet) bezieht sich auf ReloadRetro.<\/li>\n\n\n\n<li><strong>Waren<\/strong> beziehen sich auf die \u00fcber den Dienst zum Verkauf angebotenen Artikel.<\/li>\n\n\n\n<li><strong>Bestellungen<\/strong> bedeutet eine Anfrage Ihrerseits zum Kauf von Waren von uns.<\/li>\n\n\n\n<li><strong>Service<\/strong> bezieht sich auf die Website.<\/li>\n\n\n\n<li><strong>Webseite<\/strong> bezieht sich auf Reload Retro, zug\u00e4nglich von <a href=\"https:\/\/reloadretro.com\/de\/\" rel=\"noreferrer noopener\" target=\"_blank\">https:\/\/reloadretro.com<\/a><\/li>\n\n\n\n<li><strong>Du<\/strong> bezeichnet die Person, die auf den Dienst zugreift oder ihn nutzt, bzw. das Unternehmen oder eine andere juristische Person, in deren Namen diese Person auf den Dienst zugreift oder ihn nutzt, je nach Sachlage.<\/li>\n<\/ul>\n\n\n\n<h2 class=\"wp-block-heading\">Ihre Rechte zum Widerruf Ihrer Bestellung<\/h2>\n\n\n\n<p>Sie haben das Recht, binnen vierzehn Tagen ohne Angabe von Gr\u00fcnden Ihre Bestellung zu widerrufen.<\/p>\n\n\n\n<p>Die Frist f\u00fcr den Widerruf einer Bestellung betr\u00e4gt 14 Tage ab dem Tag, an dem Sie oder ein von Ihnen benannter Dritter, der nicht der Bef\u00f6rderer ist, die Ware in Besitz genommen haben bzw. hat.<\/p>\n\n\n\n<p>Um Ihr Widerrufsrecht auszu\u00fcben, m\u00fcssen Sie uns mittels einer eindeutigen Erkl\u00e4rung \u00fcber Ihren Entschluss informieren. Sie k\u00f6nnen uns Ihren Entschluss folgenderma\u00dfen mitteilen:<\/p>\n\n\n\n<ul class=\"wp-block-list\">\n<li>Per E-Mail: info@reloadretro.com<\/li>\n\n\n\n<li>Durch den Besuch dieser Seite auf unserer Website: <a href=\"https:\/\/reloadretro.com\/de\/kontakt\/\" rel=\"noreferrer noopener\" target=\"_blank\">https:\/\/reloadretro.com\/contact<\/a><\/li>\n<\/ul>\n\n\n\n<p>Wir erstatten Ihnen den Betrag sp\u00e4testens 14 Tage nach Erhalt der zur\u00fcckgesandten Waren. Wir verwenden dasselbe Zahlungsmittel, das Sie f\u00fcr die Bestellung verwendet haben. F\u00fcr diese R\u00fcckerstattung fallen f\u00fcr Sie keine Geb\u00fchren an.<\/p>\n\n\n\n<h2 class=\"wp-block-heading\">Bedingungen f\u00fcr R\u00fccksendungen<\/h2>\n\n\n\n<p>Damit die Waren f\u00fcr eine R\u00fcckgabe in Frage kommen, stellen Sie bitte Folgendes sicher:<\/p>\n\n\n\n<ul class=\"wp-block-list\">\n<li>Die Waren wurden in den letzten 14 Tagen gekauft<\/li>\n\n\n\n<li>Die Ware ist in der Originalverpackung<\/li>\n<\/ul>\n\n\n\n<p>Die folgenden Waren k\u00f6nnen nicht zur\u00fcckgegeben werden:<\/p>\n\n\n\n<ul class=\"wp-block-list\">\n<li>Die Lieferung von Waren erfolgt nach Ihren Spezifikationen oder eindeutig personalisiert.<\/li>\n\n\n\n<li>Zur Lieferung von Waren, die aufgrund ihrer Beschaffenheit nicht f\u00fcr eine R\u00fccksendung geeignet sind oder schnell verderben k\u00f6nnen oder deren Verfallsdatum \u00fcberschritten w\u00fcrde.<\/li>\n\n\n\n<li>Zur Lieferung von Waren, die aus Gr\u00fcnden des Gesundheitsschutzes oder der Hygiene nicht zur R\u00fcckgabe geeignet sind, wenn ihre Versiegelung nach der Lieferung entfernt wurde.<\/li>\n\n\n\n<li>Die Lieferung von Waren, die nach der Lieferung auf Grund ihrer Beschaffenheit untrennbar mit anderen G\u00fctern vermischt wurden.<\/li>\n<\/ul>\n\n\n\n<p>Wir behalten uns das Recht vor, die R\u00fccksendung von Waren, die die oben genannten R\u00fcckgabebedingungen nicht erf\u00fcllen, nach unserem alleinigen Ermessen abzulehnen.<\/p>\n\n\n\n<p>Nur Waren zum regul\u00e4ren Preis k\u00f6nnen erstattet werden. Leider k\u00f6nnen Waren im Ausverkauf nicht erstattet werden. Dieser Ausschluss gilt m\u00f6glicherweise nicht f\u00fcr Sie, wenn er nach geltendem Recht nicht zul\u00e4ssig ist.<\/p>\n\n\n\n<h2 class=\"wp-block-heading\">R\u00fccksendung von Waren<\/h2>\n\n\n\n<p>Sie tragen die Kosten und das Risiko der R\u00fccksendung der Waren an uns. Sie sollten die Waren an die folgende Adresse senden:<\/p>\n\n\n\n<p>Novigradska 21, 23000 Zadar, Kroatien<\/p>\n\n\n\n<p>Wir k\u00f6nnen nicht f\u00fcr Waren verantwortlich gemacht werden, die bei der R\u00fccksendung besch\u00e4digt werden oder verloren gehen. Daher empfehlen wir einen versicherten und verfolgbaren Postdienst. Ohne tats\u00e4chlichen Erhalt der Waren oder einen Nachweis der R\u00fccksendung k\u00f6nnen wir keine R\u00fcckerstattung ausstellen.<\/p>\n\n\n\n<h2 class=\"wp-block-heading\">Geschenke<\/h2>\n\n\n\n<p>Wenn die Waren beim Kauf als Geschenk gekennzeichnet und dann direkt an Sie versandt wurden, erhalten Sie eine Geschenkgutschrift in H\u00f6he des Wertes Ihrer R\u00fccksendung. Sobald das zur\u00fcckgesendete Produkt bei uns eingetroffen ist, wird Ihnen ein Geschenkgutschein zugeschickt.<\/p>\n\n\n\n<p>Wenn die Waren beim Kauf nicht als Geschenk gekennzeichnet waren oder der Schenkende die Bestellung an sich selbst versenden lie\u00df, um sie Ihnen sp\u00e4ter zu \u00fcberreichen, senden wir dem Schenkenden die R\u00fcckerstattung.<\/p>\n\n\n\n<h3 class=\"wp-block-heading\">Kontaktieren Sie uns<\/h3>\n\n\n\n<p>Wenn Sie Fragen zu unseren R\u00fcckgabe- und Erstattungsrichtlinien haben, kontaktieren Sie uns bitte:<\/p>\n\n\n\n<ul class=\"wp-block-list\">\n<li>Per E-Mail: info@reloadretro.com<\/li>\n\n\n\n<li>Durch den Besuch dieser Seite auf unserer Website: <a href=\"https:\/\/reloadretro.com\/de\/kontakt\/\" rel=\"noreferrer noopener\" target=\"_blank\">https:\/\/reloadretro.com\/contact<\/a><\/li>\n<\/ul>","protected":false},"excerpt":{"rendered":"<p>Return and Refund Policy Last updated: November 07, 2023 Thank you for shopping at Reload Retro. If, for any reason, You are not completely satisfied with a purchase We invite You to review our policy on refunds and returns. This Return and Refund Policy has been created with the help of the ReloadRetro The following [&hellip;]<\/p>","protected":false},"author":1,"featured_media":0,"parent":0,"menu_order":0,"comment_status":"closed","ping_status":"closed","template":"","meta":{"inline_featured_image":false,"site-sidebar-layout":"default","site-content-layout":"","ast-site-content-layout":"default","site-content-style":"default","site-sidebar-style":"default","ast-global-header-display":"","ast-banner-title-visibility":"","ast-main-header-display":"","ast-hfb-above-header-display":"","ast-hfb-below-header-display":"","ast-hfb-mobile-header-display":"","site-post-title":"","ast-breadcrumbs-content":"","ast-featured-img":"","footer-sml-layout":"","theme-transparent-header-meta":"","adv-header-id-meta":"","stick-header-meta":"","header-above-stick-meta":"","header-main-stick-meta":"","header-below-stick-meta":"","astra-migrate-meta-layouts":"set","ast-page-background-enabled":"default","ast-page-background-meta":{"desktop":{"background-color":"var(--ast-global-color-4)","background-image":"","background-repeat":"repeat","background-position":"center center","background-size":"auto","background-attachment":"scroll","background-type":"","background-media":"","overlay-type":"","overlay-color":"","overlay-opacity":"","overlay-gradient":""},"tablet":{"background-color":"","background-image":"","background-repeat":"repeat","background-position":"center center","background-size":"auto","background-attachment":"scroll","background-type":"","background-media":"","overlay-type":"","overlay-color":"","overlay-opacity":"","overlay-gradient":""},"mobile":{"background-color":"","background-image":"","background-repeat":"repeat","background-position":"center center","background-size":"auto","background-attachment":"scroll","background-type":"","background-media":"","overlay-type":"","overlay-color":"","overlay-opacity":"","overlay-gradient":""}},"ast-content-background-meta":{"desktop":{"background-color":"var(--ast-global-color-5)","background-image":"","background-repeat":"repeat","background-position":"center center","background-size":"auto","background-attachment":"scroll","background-type":"","background-media":"","overlay-type":"","overlay-color":"","overlay-opacity":"","overlay-gradient":""},"tablet":{"background-color":"var(--ast-global-color-5)","background-image":"","background-repeat":"repeat","background-position":"center center","background-size":"auto","background-attachment":"scroll","background-type":"","background-media":"","overlay-type":"","overlay-color":"","overlay-opacity":"","overlay-gradient":""},"mobile":{"background-color":"var(--ast-global-color-5)","background-image":"","background-repeat":"repeat","background-position":"center center","background-size":"auto","background-attachment":"scroll","background-type":"","background-media":"","overlay-type":"","overlay-color":"","overlay-opacity":"","overlay-gradient":""}},"footnotes":""},"class_list":["post-4879","page","type-page","status-publish","hentry"],"yoast_head":"<!-- This site is optimized with the Yoast SEO plugin v25.6 - https:\/\/yoast.com\/wordpress\/plugins\/seo\/ -->\n<title>Return &amp; Refund Policy &#8211; Reload Retro<\/title>\n<meta name=\"robots\" content=\"noindex, follow\" \/>\n<meta property=\"og:locale\" content=\"de_DE\" \/>\n<meta property=\"og:type\" content=\"article\" \/>\n<meta property=\"og:title\" content=\"Return &amp; Refund Policy &#8211; Reload Retro\" \/>\n<meta property=\"og:description\" content=\"Return and Refund Policy Last updated: November 07, 2023 Thank you for shopping at Reload Retro. If, for any reason, You are not completely satisfied with a purchase We invite You to review our policy on refunds and returns. This Return and Refund Policy has been created with the help of the ReloadRetro The following [&hellip;]\" \/>\n<meta property=\"og:url\" content=\"https:\/\/reloadretro.com\/de\/ruckgabe-und-ruckerstattungsrichtlinie\/\" \/>\n<meta property=\"og:site_name\" content=\"Reload Retro\" \/>\n<meta property=\"article:modified_time\" content=\"2025-01-14T13:53:21+00:00\" \/>\n<meta property=\"og:image\" content=\"https:\/\/reloadretro.com\/wp-content\/uploads\/2023\/11\/crni-logo.png\" \/>\n\t<meta property=\"og:image:width\" content=\"688\" \/>\n\t<meta property=\"og:image:height\" content=\"275\" \/>\n\t<meta property=\"og:image:type\" content=\"image\/png\" \/>\n<meta name=\"twitter:card\" content=\"summary_large_image\" \/>\n<meta name=\"twitter:label1\" content=\"Gesch\u00e4tzte Lesezeit\" \/>\n\t<meta name=\"twitter:data1\" content=\"3\u00a0Minuten\" \/>\n<script type=\"application\/ld+json\" class=\"yoast-schema-graph\">{\"@context\":\"https:\/\/schema.org\",\"@graph\":[{\"@type\":\"WebPage\",\"@id\":\"https:\/\/reloadretro.com\/return-refund-policy\/\",\"url\":\"https:\/\/reloadretro.com\/return-refund-policy\/\",\"name\":\"Return &amp; Refund Policy &#8211; Reload Retro\",\"isPartOf\":{\"@id\":\"https:\/\/reloadretro.com\/#website\"},\"datePublished\":\"2023-11-07T15:55:08+00:00\",\"dateModified\":\"2025-01-14T13:53:21+00:00\",\"breadcrumb\":{\"@id\":\"https:\/\/reloadretro.com\/return-refund-policy\/#breadcrumb\"},\"inLanguage\":\"de\",\"potentialAction\":[{\"@type\":\"ReadAction\",\"target\":[\"https:\/\/reloadretro.com\/return-refund-policy\/\"]}]},{\"@type\":\"BreadcrumbList\",\"@id\":\"https:\/\/reloadretro.com\/return-refund-policy\/#breadcrumb\",\"itemListElement\":[{\"@type\":\"ListItem\",\"position\":1,\"name\":\"Home\",\"item\":\"https:\/\/reloadretro.com\/\"},{\"@type\":\"ListItem\",\"position\":2,\"name\":\"Return &amp; Refund Policy\"}]},{\"@type\":\"WebSite\",\"@id\":\"https:\/\/reloadretro.com\/#website\",\"url\":\"https:\/\/reloadretro.com\/\",\"name\":\"Reload Retro\",\"description\":\"Retro gaming consoles and more\",\"publisher\":{\"@id\":\"https:\/\/reloadretro.com\/#organization\"},\"alternateName\":\"RR\",\"potentialAction\":[{\"@type\":\"SearchAction\",\"target\":{\"@type\":\"EntryPoint\",\"urlTemplate\":\"https:\/\/reloadretro.com\/?s={search_term_string}\"},\"query-input\":{\"@type\":\"PropertyValueSpecification\",\"valueRequired\":true,\"valueName\":\"search_term_string\"}}],\"inLanguage\":\"de\"},{\"@type\":\"Organization\",\"@id\":\"https:\/\/reloadretro.com\/#organization\",\"name\":\"ReloadRetro\",\"alternateName\":\"RR\",\"url\":\"https:\/\/reloadretro.com\/\",\"logo\":{\"@type\":\"ImageObject\",\"inLanguage\":\"de\",\"@id\":\"https:\/\/reloadretro.com\/#\/schema\/logo\/image\/\",\"url\":\"https:\/\/reloadretro.com\/wp-content\/uploads\/2023\/11\/crni-logo.png\",\"contentUrl\":\"https:\/\/reloadretro.com\/wp-content\/uploads\/2023\/11\/crni-logo.png\",\"width\":688,\"height\":275,\"caption\":\"ReloadRetro\"},\"image\":{\"@id\":\"https:\/\/reloadretro.com\/#\/schema\/logo\/image\/\"}}]}<\/script>\n<!-- \/ Yoast SEO plugin. -->","yoast_head_json":{"title":"Return &amp; Refund Policy &#8211; Reload Retro","robots":{"index":"noindex","follow":"follow"},"og_locale":"de_DE","og_type":"article","og_title":"Return &amp; Refund Policy &#8211; Reload Retro","og_description":"Return and Refund Policy Last updated: November 07, 2023 Thank you for shopping at Reload Retro. If, for any reason, You are not completely satisfied with a purchase We invite You to review our policy on refunds and returns. This Return and Refund Policy has been created with the help of the ReloadRetro The following [&hellip;]","og_url":"https:\/\/reloadretro.com\/de\/ruckgabe-und-ruckerstattungsrichtlinie\/","og_site_name":"Reload Retro","article_modified_time":"2025-01-14T13:53:21+00:00","og_image":[{"width":688,"height":275,"url":"https:\/\/reloadretro.com\/wp-content\/uploads\/2023\/11\/crni-logo.png","type":"image\/png"}],"twitter_card":"summary_large_image","twitter_misc":{"Gesch\u00e4tzte Lesezeit":"3\u00a0Minuten"},"schema":{"@context":"https:\/\/schema.org","@graph":[{"@type":"WebPage","@id":"https:\/\/reloadretro.com\/return-refund-policy\/","url":"https:\/\/reloadretro.com\/return-refund-policy\/","name":"Return &amp; Refund Policy &#8211; Reload Retro","isPartOf":{"@id":"https:\/\/reloadretro.com\/#website"},"datePublished":"2023-11-07T15:55:08+00:00","dateModified":"2025-01-14T13:53:21+00:00","breadcrumb":{"@id":"https:\/\/reloadretro.com\/return-refund-policy\/#breadcrumb"},"inLanguage":"de","potentialAction":[{"@type":"ReadAction","target":["https:\/\/reloadretro.com\/return-refund-policy\/"]}]},{"@type":"BreadcrumbList","@id":"https:\/\/reloadretro.com\/return-refund-policy\/#breadcrumb","itemListElement":[{"@type":"ListItem","position":1,"name":"Home","item":"https:\/\/reloadretro.com\/"},{"@type":"ListItem","position":2,"name":"Return &amp; Refund Policy"}]},{"@type":"WebSite","@id":"https:\/\/reloadretro.com\/#website","url":"https:\/\/reloadretro.com\/","name":"Reload Retro","description":"Retro gaming consoles and more","publisher":{"@id":"https:\/\/reloadretro.com\/#organization"},"alternateName":"RR","potentialAction":[{"@type":"SearchAction","target":{"@type":"EntryPoint","urlTemplate":"https:\/\/reloadretro.com\/?s={search_term_string}"},"query-input":{"@type":"PropertyValueSpecification","valueRequired":true,"valueName":"search_term_string"}}],"inLanguage":"de"},{"@type":"Organization","@id":"https:\/\/reloadretro.com\/#organization","name":"ReloadRetro","alternateName":"RR","url":"https:\/\/reloadretro.com\/","logo":{"@type":"ImageObject","inLanguage":"de","@id":"https:\/\/reloadretro.com\/#\/schema\/logo\/image\/","url":"https:\/\/reloadretro.com\/wp-content\/uploads\/2023\/11\/crni-logo.png","contentUrl":"https:\/\/reloadretro.com\/wp-content\/uploads\/2023\/11\/crni-logo.png","width":688,"height":275,"caption":"ReloadRetro"},"image":{"@id":"https:\/\/reloadretro.com\/#\/schema\/logo\/image\/"}}]}},"_links":{"self":[{"href":"https:\/\/reloadretro.com\/de\/wp-json\/wp\/v2\/pages\/4879","targetHints":{"allow":["GET"]}}],"collection":[{"href":"https:\/\/reloadretro.com\/de\/wp-json\/wp\/v2\/pages"}],"about":[{"href":"https:\/\/reloadretro.com\/de\/wp-json\/wp\/v2\/types\/page"}],"author":[{"embeddable":true,"href":"https:\/\/reloadretro.com\/de\/wp-json\/wp\/v2\/users\/1"}],"replies":[{"embeddable":true,"href":"https:\/\/reloadretro.com\/de\/wp-json\/wp\/v2\/comments?post=4879"}],"version-history":[{"count":3,"href":"https:\/\/reloadretro.com\/de\/wp-json\/wp\/v2\/pages\/4879\/revisions"}],"predecessor-version":[{"id":5389,"href":"https:\/\/reloadretro.com\/de\/wp-json\/wp\/v2\/pages\/4879\/revisions\/5389"}],"wp:attachment":[{"href":"https:\/\/reloadretro.com\/de\/wp-json\/wp\/v2\/media?parent=4879"}],"curies":[{"name":"wp","href":"https:\/\/api.w.org\/{rel}","templated":true}]}}