{"id":5137,"date":"2023-11-24T00:18:00","date_gmt":"2023-11-24T00:18:00","guid":{"rendered":"https:\/\/reloadretro.com\/?post_type=product&#038;p=5137"},"modified":"2025-10-17T17:26:34","modified_gmt":"2025-10-17T17:26:34","slug":"x6-portable","status":"publish","type":"product","link":"https:\/\/reloadretro.com\/de\/produkt\/x6-tragbar\/","title":{"rendered":"X6 Tragbar"},"content":{"rendered":"<p><strong>Merkmale:<\/strong><\/p>\n<ul>\n<li><strong>3,5-Zoll-IPS-Display:<\/strong> Genie\u00dfen Sie ein lebendiges Spielerlebnis mit einem 3,5-Zoll-HD-Farbbildschirm mit hoher Aufl\u00f6sung und augenfreundlicher Grafik.<\/li>\n<li><strong>Umfangreiche Spielesammlung:<\/strong> Tauchen Sie ein in eine riesige Welt der Unterhaltung mit \u00fcber 10.000 vorinstallierten Spielen, die endlose Stunden voller Spa\u00df garantieren.<\/li>\n<li><strong>Tragbares Design:<\/strong> Diese kompakte und leichte Handheld-Konsole eignet sich perfekt zum Spielen unterwegs.<\/li>\n<li><strong>Langlebige Batterie:<\/strong> Ein 2000 mAh Polymer-Lithium-Ionen-Akku erm\u00f6glicht \u00fcber 6 Stunden ununterbrochenes Spielen.<\/li>\n<li><strong>Multiplayer- und Gro\u00dfbild-Unterst\u00fctzung:<\/strong> Stellen Sie f\u00fcr Multiplayer-Action eine Verbindung zu Gamepads her oder synchronisieren Sie f\u00fcr eine erweiterte Ansicht mit einem gr\u00f6\u00dferen Bildschirm.<\/li>\n<li><strong>Multifunktionale Unterhaltung:<\/strong> Freuen Sie sich neben Spielen auch auf Filmwiedergabe, Musik, Kalender, Fotogalerie und eine Stoppuhrfunktion.<\/li>\n<li><strong>Schnelle Ladung:<\/strong> Der effiziente Akku l\u00e4sst sich in nur 1 Stunde vollst\u00e4ndig aufladen, sodass Sie schneller wieder im Spiel sein k\u00f6nnen.<\/li>\n<li><strong>Robuste Konstruktion:<\/strong> Hergestellt aus hochwertigen Materialien f\u00fcr Haltbarkeit und Langlebigkeit.<\/li>\n<li><strong>Sicherheit gew\u00e4hrleistet:<\/strong> Entspricht den Sicherheitsnormen f\u00fcr sorgenfreie Nutzung.<\/li>\n<\/ul>\n<p><strong>Was ist in der Box:<\/strong><\/p>\n<ul>\n<li>1 x X6 Handheld-Spiel-Player.<\/li>\n<li>1 x Typ-C-Kabel<\/li>\n<li>1 x Benutzerhandbuch<\/li>\n<\/ul>","protected":false},"excerpt":{"rendered":"<p>Der Handheld-Game-Player X6 kombiniert Portabilit\u00e4t mit einem umfassenden Spielerlebnis. Er verf\u00fcgt \u00fcber einen 3,5-Zoll-IPS-HD-Bildschirm, \u00fcber 10.000 vorinstallierte Spiele und einen 2000-mAh-Akku, der \u00fcber 6 Stunden Spielzeit bietet. Dieses multifunktionale Ger\u00e4t unterst\u00fctzt Multiplayer-Gaming, Film- und Musikwiedergabe und andere Funktionen \u2013 alles in einem robusten, schnell aufladbaren Design. Perfekt f\u00fcr Gaming-Enthusiasten, die viel unterwegs sind!<\/p>","protected":false},"featured_media":5150,"comment_status":"open","ping_status":"closed","template":"","meta":{"inline_featured_image":false,"site-sidebar-layout":"default","site-content-layout":"","ast-site-content-layout":"default","site-content-style":"default","site-sidebar-style":"default","ast-global-header-display":"","ast-banner-title-visibility":"","ast-main-header-display":"","ast-hfb-above-header-display":"","ast-hfb-below-header-display":"","ast-hfb-mobile-header-display":"","site-post-title":"","ast-breadcrumbs-content":"","ast-featured-img":"","footer-sml-layout":"","theme-transparent-header-meta":"default","adv-header-id-meta":"","stick-header-meta":"default","header-above-stick-meta":"","header-main-stick-meta":"","header-below-stick-meta":"","astra-migrate-meta-layouts":"set","ast-page-background-enabled":"default","ast-page-background-meta":{"desktop":{"background-color":"var(--ast-global-color-4)","background-image":"","background-repeat":"repeat","background-position":"center center","background-size":"auto","background-attachment":"scroll","background-type":"","background-media":"","overlay-type":"","overlay-color":"","overlay-opacity":"","overlay-gradient":""},"tablet":{"background-color":"","background-image":"","background-repeat":"repeat","background-position":"center center","background-size":"auto","background-attachment":"scroll","background-type":"","background-media":"","overlay-type":"","overlay-color":"","overlay-opacity":"","overlay-gradient":""},"mobile":{"background-color":"","background-image":"","background-repeat":"repeat","background-position":"center center","background-size":"auto","background-attachment":"scroll","background-type":"","background-media":"","overlay-type":"","overlay-color":"","overlay-opacity":"","overlay-gradient":""}},"ast-content-background-meta":{"desktop":{"background-color":"var(--ast-global-color-5)","background-image":"","background-repeat":"repeat","background-position":"center center","background-size":"auto","background-attachment":"scroll","background-type":"","background-media":"","overlay-type":"","overlay-color":"","overlay-opacity":"","overlay-gradient":""},"tablet":{"background-color":"var(--ast-global-color-5)","background-image":"","background-repeat":"repeat","background-position":"center center","background-size":"auto","background-attachment":"scroll","background-type":"","background-media":"","overlay-type":"","overlay-color":"","overlay-opacity":"","overlay-gradient":""},"mobile":{"background-color":"var(--ast-global-color-5)","background-image":"","background-repeat":"repeat","background-position":"center center","background-size":"auto","background-attachment":"scroll","background-type":"","background-media":"","overlay-type":"","overlay-color":"","overlay-opacity":"","overlay-gradient":""}}},"product_brand":[],"product_cat":[210],"product_tag":[235],"class_list":{"0":"post-5137","1":"product","2":"type-product","3":"status-publish","4":"has-post-thumbnail","6":"product_cat-retro-video-game-console","7":"product_tag-pro","8":"product_shipping_class-free-worldwide","9":"desktop-align-center","10":"tablet-align-left","11":"mobile-align-left","12":"ast-product-gallery-layout-horizontal","13":"ast-product-single-variable","14":"ast-product-tabs-layout-horizontal","16":"first","17":"instock","18":"sale","19":"shipping-taxable","20":"purchasable","21":"product-type-variable"},"yoast_head":"<!-- This site is optimized with the Yoast SEO plugin v25.6 - https:\/\/yoast.com\/wordpress\/plugins\/seo\/ -->\n<title>X6 Portable &#8211; Reload Retro<\/title>\n<meta name=\"robots\" content=\"index, follow, max-snippet:-1, max-image-preview:large, max-video-preview:-1\" \/>\n<link rel=\"canonical\" href=\"https:\/\/reloadretro.com\/de\/produkt\/x6-tragbar\/\" \/>\n<meta property=\"og:locale\" content=\"de_DE\" \/>\n<meta property=\"og:type\" content=\"article\" \/>\n<meta property=\"og:title\" content=\"X6 Portable &#8211; Reload Retro\" \/>\n<meta property=\"og:description\" content=\"The X6 Handheld Game Player combines portability with a rich gaming experience. It features a 3.5-inch IPS high-definition screen, over 10,000 pre-installed games, and a 2000mAh battery offering 6+ hours of playtime. This multi-functional device supports multiplayer gaming, movie and music playback, and other features, all in a durable, quick-charging design. Perfect for gaming enthusiasts on the go!\" \/>\n<meta property=\"og:url\" content=\"https:\/\/reloadretro.com\/de\/produkt\/x6-tragbar\/\" \/>\n<meta property=\"og:site_name\" content=\"Reload Retro\" \/>\n<meta property=\"article:modified_time\" content=\"2025-10-17T17:26:34+00:00\" \/>\n<meta property=\"og:image\" content=\"https:\/\/reloadretro.com\/wp-content\/uploads\/2023\/11\/main-image-3.webp\" \/>\n\t<meta property=\"og:image:width\" content=\"800\" \/>\n\t<meta property=\"og:image:height\" content=\"800\" \/>\n\t<meta property=\"og:image:type\" content=\"image\/webp\" \/>\n<meta name=\"twitter:card\" content=\"summary_large_image\" \/>\n<meta name=\"twitter:label1\" content=\"Gesch\u00e4tzte Lesezeit\" \/>\n\t<meta name=\"twitter:data1\" content=\"1\u00a0Minute\" \/>\n<script type=\"application\/ld+json\" class=\"yoast-schema-graph\">{\"@context\":\"https:\/\/schema.org\",\"@graph\":[{\"@type\":\"WebPage\",\"@id\":\"https:\/\/reloadretro.com\/product\/x6-portable\/\",\"url\":\"https:\/\/reloadretro.com\/product\/x6-portable\/\",\"name\":\"X6 Portable &#8211; Reload Retro\",\"isPartOf\":{\"@id\":\"https:\/\/reloadretro.com\/#website\"},\"primaryImageOfPage\":{\"@id\":\"https:\/\/reloadretro.com\/product\/x6-portable\/#primaryimage\"},\"image\":{\"@id\":\"https:\/\/reloadretro.com\/product\/x6-portable\/#primaryimage\"},\"thumbnailUrl\":\"https:\/\/reloadretro.com\/wp-content\/uploads\/2023\/11\/main-image-3.webp\",\"datePublished\":\"2023-11-24T00:18:00+00:00\",\"dateModified\":\"2025-10-17T17:26:34+00:00\",\"breadcrumb\":{\"@id\":\"https:\/\/reloadretro.com\/product\/x6-portable\/#breadcrumb\"},\"inLanguage\":\"de\",\"potentialAction\":[{\"@type\":\"ReadAction\",\"target\":[\"https:\/\/reloadretro.com\/product\/x6-portable\/\"]}]},{\"@type\":\"ImageObject\",\"inLanguage\":\"de\",\"@id\":\"https:\/\/reloadretro.com\/product\/x6-portable\/#primaryimage\",\"url\":\"https:\/\/reloadretro.com\/wp-content\/uploads\/2023\/11\/main-image-3.webp\",\"contentUrl\":\"https:\/\/reloadretro.com\/wp-content\/uploads\/2023\/11\/main-image-3.webp\",\"width\":800,\"height\":800},{\"@type\":\"BreadcrumbList\",\"@id\":\"https:\/\/reloadretro.com\/product\/x6-portable\/#breadcrumb\",\"itemListElement\":[{\"@type\":\"ListItem\",\"position\":1,\"name\":\"Home\",\"item\":\"https:\/\/reloadretro.com\/\"},{\"@type\":\"ListItem\",\"position\":2,\"name\":\"Shop\",\"item\":\"https:\/\/reloadretro.com\/shop\/\"},{\"@type\":\"ListItem\",\"position\":3,\"name\":\"X6 Portable\"}]},{\"@type\":\"WebSite\",\"@id\":\"https:\/\/reloadretro.com\/#website\",\"url\":\"https:\/\/reloadretro.com\/\",\"name\":\"Reload Retro\",\"description\":\"Retro gaming consoles and more\",\"publisher\":{\"@id\":\"https:\/\/reloadretro.com\/#organization\"},\"alternateName\":\"RR\",\"potentialAction\":[{\"@type\":\"SearchAction\",\"target\":{\"@type\":\"EntryPoint\",\"urlTemplate\":\"https:\/\/reloadretro.com\/?s={search_term_string}\"},\"query-input\":{\"@type\":\"PropertyValueSpecification\",\"valueRequired\":true,\"valueName\":\"search_term_string\"}}],\"inLanguage\":\"de\"},{\"@type\":\"Organization\",\"@id\":\"https:\/\/reloadretro.com\/#organization\",\"name\":\"ReloadRetro\",\"alternateName\":\"RR\",\"url\":\"https:\/\/reloadretro.com\/\",\"logo\":{\"@type\":\"ImageObject\",\"inLanguage\":\"de\",\"@id\":\"https:\/\/reloadretro.com\/#\/schema\/logo\/image\/\",\"url\":\"https:\/\/reloadretro.com\/wp-content\/uploads\/2023\/11\/crni-logo.png\",\"contentUrl\":\"https:\/\/reloadretro.com\/wp-content\/uploads\/2023\/11\/crni-logo.png\",\"width\":688,\"height\":275,\"caption\":\"ReloadRetro\"},\"image\":{\"@id\":\"https:\/\/reloadretro.com\/#\/schema\/logo\/image\/\"}}]}<\/script>\n<!-- \/ Yoast SEO plugin. -->","yoast_head_json":{"title":"X6 Portable &#8211; Reload Retro","robots":{"index":"index","follow":"follow","max-snippet":"max-snippet:-1","max-image-preview":"max-image-preview:large","max-video-preview":"max-video-preview:-1"},"canonical":"https:\/\/reloadretro.com\/de\/produkt\/x6-tragbar\/","og_locale":"de_DE","og_type":"article","og_title":"X6 Portable &#8211; Reload Retro","og_description":"The X6 Handheld Game Player combines portability with a rich gaming experience. It features a 3.5-inch IPS high-definition screen, over 10,000 pre-installed games, and a 2000mAh battery offering 6+ hours of playtime. This multi-functional device supports multiplayer gaming, movie and music playback, and other features, all in a durable, quick-charging design. Perfect for gaming enthusiasts on the go!","og_url":"https:\/\/reloadretro.com\/de\/produkt\/x6-tragbar\/","og_site_name":"Reload Retro","article_modified_time":"2025-10-17T17:26:34+00:00","og_image":[{"width":800,"height":800,"url":"https:\/\/reloadretro.com\/wp-content\/uploads\/2023\/11\/main-image-3.webp","type":"image\/webp"}],"twitter_card":"summary_large_image","twitter_misc":{"Gesch\u00e4tzte Lesezeit":"1\u00a0Minute"},"schema":{"@context":"https:\/\/schema.org","@graph":[{"@type":"WebPage","@id":"https:\/\/reloadretro.com\/product\/x6-portable\/","url":"https:\/\/reloadretro.com\/product\/x6-portable\/","name":"X6 Portable &#8211; Reload Retro","isPartOf":{"@id":"https:\/\/reloadretro.com\/#website"},"primaryImageOfPage":{"@id":"https:\/\/reloadretro.com\/product\/x6-portable\/#primaryimage"},"image":{"@id":"https:\/\/reloadretro.com\/product\/x6-portable\/#primaryimage"},"thumbnailUrl":"https:\/\/reloadretro.com\/wp-content\/uploads\/2023\/11\/main-image-3.webp","datePublished":"2023-11-24T00:18:00+00:00","dateModified":"2025-10-17T17:26:34+00:00","breadcrumb":{"@id":"https:\/\/reloadretro.com\/product\/x6-portable\/#breadcrumb"},"inLanguage":"de","potentialAction":[{"@type":"ReadAction","target":["https:\/\/reloadretro.com\/product\/x6-portable\/"]}]},{"@type":"ImageObject","inLanguage":"de","@id":"https:\/\/reloadretro.com\/product\/x6-portable\/#primaryimage","url":"https:\/\/reloadretro.com\/wp-content\/uploads\/2023\/11\/main-image-3.webp","contentUrl":"https:\/\/reloadretro.com\/wp-content\/uploads\/2023\/11\/main-image-3.webp","width":800,"height":800},{"@type":"BreadcrumbList","@id":"https:\/\/reloadretro.com\/product\/x6-portable\/#breadcrumb","itemListElement":[{"@type":"ListItem","position":1,"name":"Home","item":"https:\/\/reloadretro.com\/"},{"@type":"ListItem","position":2,"name":"Shop","item":"https:\/\/reloadretro.com\/shop\/"},{"@type":"ListItem","position":3,"name":"X6 Portable"}]},{"@type":"WebSite","@id":"https:\/\/reloadretro.com\/#website","url":"https:\/\/reloadretro.com\/","name":"Reload Retro","description":"Retro gaming consoles and more","publisher":{"@id":"https:\/\/reloadretro.com\/#organization"},"alternateName":"RR","potentialAction":[{"@type":"SearchAction","target":{"@type":"EntryPoint","urlTemplate":"https:\/\/reloadretro.com\/?s={search_term_string}"},"query-input":{"@type":"PropertyValueSpecification","valueRequired":true,"valueName":"search_term_string"}}],"inLanguage":"de"},{"@type":"Organization","@id":"https:\/\/reloadretro.com\/#organization","name":"ReloadRetro","alternateName":"RR","url":"https:\/\/reloadretro.com\/","logo":{"@type":"ImageObject","inLanguage":"de","@id":"https:\/\/reloadretro.com\/#\/schema\/logo\/image\/","url":"https:\/\/reloadretro.com\/wp-content\/uploads\/2023\/11\/crni-logo.png","contentUrl":"https:\/\/reloadretro.com\/wp-content\/uploads\/2023\/11\/crni-logo.png","width":688,"height":275,"caption":"ReloadRetro"},"image":{"@id":"https:\/\/reloadretro.com\/#\/schema\/logo\/image\/"}}]}},"_links":{"self":[{"href":"https:\/\/reloadretro.com\/de\/wp-json\/wp\/v2\/product\/5137","targetHints":{"allow":["GET"]}}],"collection":[{"href":"https:\/\/reloadretro.com\/de\/wp-json\/wp\/v2\/product"}],"about":[{"href":"https:\/\/reloadretro.com\/de\/wp-json\/wp\/v2\/types\/product"}],"replies":[{"embeddable":true,"href":"https:\/\/reloadretro.com\/de\/wp-json\/wp\/v2\/comments?post=5137"}],"wp:featuredmedia":[{"embeddable":true,"href":"https:\/\/reloadretro.com\/de\/wp-json\/wp\/v2\/media\/5150"}],"wp:attachment":[{"href":"https:\/\/reloadretro.com\/de\/wp-json\/wp\/v2\/media?parent=5137"}],"wp:term":[{"taxonomy":"product_brand","embeddable":true,"href":"https:\/\/reloadretro.com\/de\/wp-json\/wp\/v2\/product_brand?post=5137"},{"taxonomy":"product_cat","embeddable":true,"href":"https:\/\/reloadretro.com\/de\/wp-json\/wp\/v2\/product_cat?post=5137"},{"taxonomy":"product_tag","embeddable":true,"href":"https:\/\/reloadretro.com\/de\/wp-json\/wp\/v2\/product_tag?post=5137"}],"curies":[{"name":"wp","href":"https:\/\/api.w.org\/{rel}","templated":true}]}}