{"id":4825,"date":"2023-11-07T13:11:21","date_gmt":"2023-11-07T13:11:21","guid":{"rendered":"https:\/\/reloadretro.com\/?post_type=product&#038;p=4825"},"modified":"2025-10-17T17:26:01","modified_gmt":"2025-10-17T17:26:01","slug":"classic-mini-nes","status":"publish","type":"product","link":"https:\/\/reloadretro.com\/es\/producto\/mini-nes-clasica\/","title":{"rendered":"Mini Nintendo Cl\u00e1sica"},"content":{"rendered":"<h5><strong>Caracter\u00edsticas:<\/strong><\/h5>\n<ul>\n<li style=\"list-style-type: none;\">\n<ul>\n<li><strong>Biblioteca nost\u00e1lgica:<\/strong> M\u00e1s de 400 juegos cl\u00e1sicos precargados, que incluyen acci\u00f3n, rompecabezas, deportes y carreras (con 327 t\u00edtulos \u00fanicos).<\/li>\n<li><strong>Conectar y usar:<\/strong> F\u00e1cil configuraci\u00f3n, no requiere Internet, descargas ni inserci\u00f3n de tarjetas; se conecta a televisores mediante salida AV.<\/li>\n<li><strong>Diversi\u00f3n familiar:<\/strong> Dos controladores incluidos para acci\u00f3n de dos jugadores, perfecto para noches de juegos familiares.<\/li>\n<li><strong>Dise\u00f1o cl\u00e1sico:<\/strong> Dise\u00f1o de consola de juegos de 8 bits atemporal para una aut\u00e9ntica experiencia de juego retro.<\/li>\n<li><strong>Compatibilidad de televisi\u00f3n:<\/strong> Admite televisores antiguos e inteligentes con salida PAL\/NTSC, convertidor AV a HDMI incluido para conectividad moderna.<\/li>\n<li><strong>Listo para usar:<\/strong> Compatibilidad de alimentaci\u00f3n de CA 110-220 V con un enchufe de EE. UU.<\/li>\n<li><strong>Listo para regalar:<\/strong> Ideal para regalar en ocasiones especiales, completo con un viaje al pasado.<\/li>\n<\/ul>\n<\/li>\n<\/ul>\n<ul>\n<li><strong>Sin costes adicionales:<\/strong> Disfruta de una experiencia de juego completa sin anuncios ni compras adicionales.<\/li>\n<\/ul>\n<h5>\u00bfQue hay en la caja?<\/h5>\n<p>1 x consola de juegos<br \/>\n2 x Controladores<br \/>\n1 x Cable AV con convertidor HDMI<br \/>\n1 x enchufe de salida<br \/>\n1 manual de instrucciones<\/p>","protected":false},"excerpt":{"rendered":"<p>\u00a1Entra en un para\u00edso de p\u00edxeles con Classic Mini Nes! Reaviva la emoci\u00f3n de la era de los juegos arcade con m\u00e1s de 400 juegos integrados listos para volver a jugar o descubrir. Sin complicaciones, sin Internet, solo pura nostalgia y diversi\u00f3n con solo presionar un bot\u00f3n. Los dos controles traen la competencia a casa, lo que lo convierte en el regalo perfecto para encender viejas rivalidades o presentarle a una nueva generaci\u00f3n la era dorada de los juegos. \u00a1A jugar, el carril de los recuerdos te espera!<\/p>","protected":false},"featured_media":4829,"comment_status":"open","ping_status":"closed","template":"","meta":{"inline_featured_image":false,"site-sidebar-layout":"default","site-content-layout":"","ast-site-content-layout":"default","site-content-style":"default","site-sidebar-style":"default","ast-global-header-display":"","ast-banner-title-visibility":"","ast-main-header-display":"","ast-hfb-above-header-display":"","ast-hfb-below-header-display":"","ast-hfb-mobile-header-display":"","site-post-title":"","ast-breadcrumbs-content":"","ast-featured-img":"","footer-sml-layout":"","theme-transparent-header-meta":"default","adv-header-id-meta":"","stick-header-meta":"default","header-above-stick-meta":"","header-main-stick-meta":"","header-below-stick-meta":"","astra-migrate-meta-layouts":"set","ast-page-background-enabled":"default","ast-page-background-meta":{"desktop":{"background-color":"var(--ast-global-color-4)","background-image":"","background-repeat":"repeat","background-position":"center center","background-size":"auto","background-attachment":"scroll","background-type":"","background-media":"","overlay-type":"","overlay-color":"","overlay-opacity":"","overlay-gradient":""},"tablet":{"background-color":"","background-image":"","background-repeat":"repeat","background-position":"center center","background-size":"auto","background-attachment":"scroll","background-type":"","background-media":"","overlay-type":"","overlay-color":"","overlay-opacity":"","overlay-gradient":""},"mobile":{"background-color":"","background-image":"","background-repeat":"repeat","background-position":"center center","background-size":"auto","background-attachment":"scroll","background-type":"","background-media":"","overlay-type":"","overlay-color":"","overlay-opacity":"","overlay-gradient":""}},"ast-content-background-meta":{"desktop":{"background-color":"var(--ast-global-color-5)","background-image":"","background-repeat":"repeat","background-position":"center center","background-size":"auto","background-attachment":"scroll","background-type":"","background-media":"","overlay-type":"","overlay-color":"","overlay-opacity":"","overlay-gradient":""},"tablet":{"background-color":"var(--ast-global-color-5)","background-image":"","background-repeat":"repeat","background-position":"center center","background-size":"auto","background-attachment":"scroll","background-type":"","background-media":"","overlay-type":"","overlay-color":"","overlay-opacity":"","overlay-gradient":""},"mobile":{"background-color":"var(--ast-global-color-5)","background-image":"","background-repeat":"repeat","background-position":"center center","background-size":"auto","background-attachment":"scroll","background-type":"","background-media":"","overlay-type":"","overlay-color":"","overlay-opacity":"","overlay-gradient":""}}},"product_brand":[],"product_cat":[210],"product_tag":[222],"class_list":{"0":"post-4825","1":"product","2":"type-product","3":"status-publish","4":"has-post-thumbnail","6":"product_cat-retro-video-game-console","7":"product_tag-mini","8":"desktop-align-center","9":"tablet-align-left","10":"mobile-align-left","11":"ast-product-gallery-layout-horizontal","12":"ast-product-single-variable","13":"ast-product-tabs-layout-horizontal","15":"first","16":"instock","17":"sale","18":"shipping-taxable","19":"purchasable","20":"product-type-variable"},"yoast_head":"<!-- This site is optimized with the Yoast SEO plugin v25.6 - https:\/\/yoast.com\/wordpress\/plugins\/seo\/ -->\n<title>Classic Mini Nes &#8211; Reload Retro<\/title>\n<meta name=\"robots\" content=\"index, follow, max-snippet:-1, max-image-preview:large, max-video-preview:-1\" \/>\n<link rel=\"canonical\" href=\"https:\/\/reloadretro.com\/es\/producto\/mini-nes-clasica\/\" \/>\n<meta property=\"og:locale\" content=\"es_ES\" \/>\n<meta property=\"og:type\" content=\"article\" \/>\n<meta property=\"og:title\" content=\"Classic Mini Nes &#8211; Reload Retro\" \/>\n<meta property=\"og:description\" content=\"Step into a pixel paradise with Classic Mini Nes! Rekindle the thrills of the arcade era with 400+ built-in games ready to replay or discover. No fuss, no internet, just pure nostalgia and fun at the push of a button. Dual controllers bring the competition home, making it the perfect gift to ignite old rivalries or introduce a new generation to the golden age of gaming. Game on, memory lane awaits!\" \/>\n<meta property=\"og:url\" content=\"https:\/\/reloadretro.com\/es\/producto\/mini-nes-clasica\/\" \/>\n<meta property=\"og:site_name\" content=\"Reload Retro\" \/>\n<meta property=\"article:modified_time\" content=\"2025-10-17T17:26:01+00:00\" \/>\n<meta property=\"og:image\" content=\"https:\/\/reloadretro.com\/wp-content\/uploads\/2023\/11\/main-image-1.jpeg\" \/>\n\t<meta property=\"og:image:width\" content=\"800\" \/>\n\t<meta property=\"og:image:height\" content=\"800\" \/>\n\t<meta property=\"og:image:type\" content=\"image\/jpeg\" \/>\n<meta name=\"twitter:card\" content=\"summary_large_image\" \/>\n<meta name=\"twitter:label1\" content=\"Tiempo de lectura\" \/>\n\t<meta name=\"twitter:data1\" content=\"1 minuto\" \/>\n<script type=\"application\/ld+json\" class=\"yoast-schema-graph\">{\"@context\":\"https:\/\/schema.org\",\"@graph\":[{\"@type\":\"WebPage\",\"@id\":\"https:\/\/reloadretro.com\/product\/classic-mini-nes\/\",\"url\":\"https:\/\/reloadretro.com\/product\/classic-mini-nes\/\",\"name\":\"Classic Mini Nes &#8211; Reload Retro\",\"isPartOf\":{\"@id\":\"https:\/\/reloadretro.com\/#website\"},\"primaryImageOfPage\":{\"@id\":\"https:\/\/reloadretro.com\/product\/classic-mini-nes\/#primaryimage\"},\"image\":{\"@id\":\"https:\/\/reloadretro.com\/product\/classic-mini-nes\/#primaryimage\"},\"thumbnailUrl\":\"https:\/\/reloadretro.com\/wp-content\/uploads\/2023\/11\/main-image-1.jpeg\",\"datePublished\":\"2023-11-07T13:11:21+00:00\",\"dateModified\":\"2025-10-17T17:26:01+00:00\",\"breadcrumb\":{\"@id\":\"https:\/\/reloadretro.com\/product\/classic-mini-nes\/#breadcrumb\"},\"inLanguage\":\"es\",\"potentialAction\":[{\"@type\":\"ReadAction\",\"target\":[\"https:\/\/reloadretro.com\/product\/classic-mini-nes\/\"]}]},{\"@type\":\"ImageObject\",\"inLanguage\":\"es\",\"@id\":\"https:\/\/reloadretro.com\/product\/classic-mini-nes\/#primaryimage\",\"url\":\"https:\/\/reloadretro.com\/wp-content\/uploads\/2023\/11\/main-image-1.jpeg\",\"contentUrl\":\"https:\/\/reloadretro.com\/wp-content\/uploads\/2023\/11\/main-image-1.jpeg\",\"width\":800,\"height\":800},{\"@type\":\"BreadcrumbList\",\"@id\":\"https:\/\/reloadretro.com\/product\/classic-mini-nes\/#breadcrumb\",\"itemListElement\":[{\"@type\":\"ListItem\",\"position\":1,\"name\":\"Home\",\"item\":\"https:\/\/reloadretro.com\/\"},{\"@type\":\"ListItem\",\"position\":2,\"name\":\"Shop\",\"item\":\"https:\/\/reloadretro.com\/shop\/\"},{\"@type\":\"ListItem\",\"position\":3,\"name\":\"Classic Mini Nes\"}]},{\"@type\":\"WebSite\",\"@id\":\"https:\/\/reloadretro.com\/#website\",\"url\":\"https:\/\/reloadretro.com\/\",\"name\":\"Reload Retro\",\"description\":\"Retro gaming consoles and more\",\"publisher\":{\"@id\":\"https:\/\/reloadretro.com\/#organization\"},\"alternateName\":\"RR\",\"potentialAction\":[{\"@type\":\"SearchAction\",\"target\":{\"@type\":\"EntryPoint\",\"urlTemplate\":\"https:\/\/reloadretro.com\/?s={search_term_string}\"},\"query-input\":{\"@type\":\"PropertyValueSpecification\",\"valueRequired\":true,\"valueName\":\"search_term_string\"}}],\"inLanguage\":\"es\"},{\"@type\":\"Organization\",\"@id\":\"https:\/\/reloadretro.com\/#organization\",\"name\":\"ReloadRetro\",\"alternateName\":\"RR\",\"url\":\"https:\/\/reloadretro.com\/\",\"logo\":{\"@type\":\"ImageObject\",\"inLanguage\":\"es\",\"@id\":\"https:\/\/reloadretro.com\/#\/schema\/logo\/image\/\",\"url\":\"https:\/\/reloadretro.com\/wp-content\/uploads\/2023\/11\/crni-logo.png\",\"contentUrl\":\"https:\/\/reloadretro.com\/wp-content\/uploads\/2023\/11\/crni-logo.png\",\"width\":688,\"height\":275,\"caption\":\"ReloadRetro\"},\"image\":{\"@id\":\"https:\/\/reloadretro.com\/#\/schema\/logo\/image\/\"}}]}<\/script>\n<!-- \/ Yoast SEO plugin. -->","yoast_head_json":{"title":"Classic Mini Nes &#8211; Reload Retro","robots":{"index":"index","follow":"follow","max-snippet":"max-snippet:-1","max-image-preview":"max-image-preview:large","max-video-preview":"max-video-preview:-1"},"canonical":"https:\/\/reloadretro.com\/es\/producto\/mini-nes-clasica\/","og_locale":"es_ES","og_type":"article","og_title":"Classic Mini Nes &#8211; Reload Retro","og_description":"Step into a pixel paradise with Classic Mini Nes! Rekindle the thrills of the arcade era with 400+ built-in games ready to replay or discover. No fuss, no internet, just pure nostalgia and fun at the push of a button. Dual controllers bring the competition home, making it the perfect gift to ignite old rivalries or introduce a new generation to the golden age of gaming. Game on, memory lane awaits!","og_url":"https:\/\/reloadretro.com\/es\/producto\/mini-nes-clasica\/","og_site_name":"Reload Retro","article_modified_time":"2025-10-17T17:26:01+00:00","og_image":[{"width":800,"height":800,"url":"https:\/\/reloadretro.com\/wp-content\/uploads\/2023\/11\/main-image-1.jpeg","type":"image\/jpeg"}],"twitter_card":"summary_large_image","twitter_misc":{"Tiempo de lectura":"1 minuto"},"schema":{"@context":"https:\/\/schema.org","@graph":[{"@type":"WebPage","@id":"https:\/\/reloadretro.com\/product\/classic-mini-nes\/","url":"https:\/\/reloadretro.com\/product\/classic-mini-nes\/","name":"Classic Mini Nes &#8211; Reload Retro","isPartOf":{"@id":"https:\/\/reloadretro.com\/#website"},"primaryImageOfPage":{"@id":"https:\/\/reloadretro.com\/product\/classic-mini-nes\/#primaryimage"},"image":{"@id":"https:\/\/reloadretro.com\/product\/classic-mini-nes\/#primaryimage"},"thumbnailUrl":"https:\/\/reloadretro.com\/wp-content\/uploads\/2023\/11\/main-image-1.jpeg","datePublished":"2023-11-07T13:11:21+00:00","dateModified":"2025-10-17T17:26:01+00:00","breadcrumb":{"@id":"https:\/\/reloadretro.com\/product\/classic-mini-nes\/#breadcrumb"},"inLanguage":"es","potentialAction":[{"@type":"ReadAction","target":["https:\/\/reloadretro.com\/product\/classic-mini-nes\/"]}]},{"@type":"ImageObject","inLanguage":"es","@id":"https:\/\/reloadretro.com\/product\/classic-mini-nes\/#primaryimage","url":"https:\/\/reloadretro.com\/wp-content\/uploads\/2023\/11\/main-image-1.jpeg","contentUrl":"https:\/\/reloadretro.com\/wp-content\/uploads\/2023\/11\/main-image-1.jpeg","width":800,"height":800},{"@type":"BreadcrumbList","@id":"https:\/\/reloadretro.com\/product\/classic-mini-nes\/#breadcrumb","itemListElement":[{"@type":"ListItem","position":1,"name":"Home","item":"https:\/\/reloadretro.com\/"},{"@type":"ListItem","position":2,"name":"Shop","item":"https:\/\/reloadretro.com\/shop\/"},{"@type":"ListItem","position":3,"name":"Classic Mini Nes"}]},{"@type":"WebSite","@id":"https:\/\/reloadretro.com\/#website","url":"https:\/\/reloadretro.com\/","name":"Reload Retro","description":"Retro gaming consoles and more","publisher":{"@id":"https:\/\/reloadretro.com\/#organization"},"alternateName":"RR","potentialAction":[{"@type":"SearchAction","target":{"@type":"EntryPoint","urlTemplate":"https:\/\/reloadretro.com\/?s={search_term_string}"},"query-input":{"@type":"PropertyValueSpecification","valueRequired":true,"valueName":"search_term_string"}}],"inLanguage":"es"},{"@type":"Organization","@id":"https:\/\/reloadretro.com\/#organization","name":"ReloadRetro","alternateName":"RR","url":"https:\/\/reloadretro.com\/","logo":{"@type":"ImageObject","inLanguage":"es","@id":"https:\/\/reloadretro.com\/#\/schema\/logo\/image\/","url":"https:\/\/reloadretro.com\/wp-content\/uploads\/2023\/11\/crni-logo.png","contentUrl":"https:\/\/reloadretro.com\/wp-content\/uploads\/2023\/11\/crni-logo.png","width":688,"height":275,"caption":"ReloadRetro"},"image":{"@id":"https:\/\/reloadretro.com\/#\/schema\/logo\/image\/"}}]}},"_links":{"self":[{"href":"https:\/\/reloadretro.com\/es\/wp-json\/wp\/v2\/product\/4825","targetHints":{"allow":["GET"]}}],"collection":[{"href":"https:\/\/reloadretro.com\/es\/wp-json\/wp\/v2\/product"}],"about":[{"href":"https:\/\/reloadretro.com\/es\/wp-json\/wp\/v2\/types\/product"}],"replies":[{"embeddable":true,"href":"https:\/\/reloadretro.com\/es\/wp-json\/wp\/v2\/comments?post=4825"}],"wp:featuredmedia":[{"embeddable":true,"href":"https:\/\/reloadretro.com\/es\/wp-json\/wp\/v2\/media\/4829"}],"wp:attachment":[{"href":"https:\/\/reloadretro.com\/es\/wp-json\/wp\/v2\/media?parent=4825"}],"wp:term":[{"taxonomy":"product_brand","embeddable":true,"href":"https:\/\/reloadretro.com\/es\/wp-json\/wp\/v2\/product_brand?post=4825"},{"taxonomy":"product_cat","embeddable":true,"href":"https:\/\/reloadretro.com\/es\/wp-json\/wp\/v2\/product_cat?post=4825"},{"taxonomy":"product_tag","embeddable":true,"href":"https:\/\/reloadretro.com\/es\/wp-json\/wp\/v2\/product_tag?post=4825"}],"curies":[{"name":"wp","href":"https:\/\/api.w.org\/{rel}","templated":true}]}}