{"id":4879,"date":"2023-11-07T15:55:08","date_gmt":"2023-11-07T15:55:08","guid":{"rendered":"https:\/\/reloadretro.com\/?page_id=4879"},"modified":"2025-01-14T13:53:21","modified_gmt":"2025-01-14T13:53:21","slug":"return-refund-policy","status":"publish","type":"page","link":"https:\/\/reloadretro.com\/fr\/politique-de-retour-et-de-remboursement\/","title":{"rendered":"Politique de retour et de remboursement"},"content":{"rendered":"<h2 class=\"wp-block-heading\">Politique de retour et de remboursement<\/h2>\n\n\n\n<p>Derni\u00e8re mise \u00e0 jour : 07 novembre 2023<\/p>\n\n\n\n<p>Merci d&#039;avoir effectu\u00e9 vos achats chez Reload Retro.<\/p>\n\n\n\n<p>Si, pour une raison quelconque, vous n&#039;\u00eates pas enti\u00e8rement satisfait d&#039;un achat, nous vous invitons \u00e0 consulter notre politique de remboursement et de retour. Cette politique de retour et de remboursement a \u00e9t\u00e9 cr\u00e9\u00e9e avec l&#039;aide de ReloadRetro<\/p>\n\n\n\n<p>Les conditions suivantes s\u2019appliquent \u00e0 tous les produits que vous avez achet\u00e9s chez nous.<\/p>\n\n\n\n<h2 class=\"wp-block-heading\">Interpr\u00e9tation et d\u00e9finitions<\/h2>\n\n\n\n<h3 class=\"wp-block-heading\">Interpr\u00e9tation<\/h3>\n\n\n\n<p>Les mots dont la lettre initiale est une majuscule ont des significations d\u00e9finies dans les conditions suivantes. Les d\u00e9finitions suivantes ont la m\u00eame signification, qu&#039;elles apparaissent au singulier ou au pluriel.<\/p>\n\n\n\n<h3 class=\"wp-block-heading\">D\u00e9finitions<\/h3>\n\n\n\n<p>Aux fins de la pr\u00e9sente politique de retour et de remboursement :<\/p>\n\n\n\n<ul class=\"wp-block-list\">\n<li><strong>Entreprise<\/strong> (appel\u00e9e \u00ab la Soci\u00e9t\u00e9 \u00bb, \u00ab Nous \u00bb ou \u00ab Notre \u00bb dans le pr\u00e9sent Contrat) fait r\u00e9f\u00e9rence \u00e0 ReloadRetro.<\/li>\n\n\n\n<li><strong>Marchandises<\/strong> d\u00e9signe les articles propos\u00e9s \u00e0 la vente sur le Service.<\/li>\n\n\n\n<li><strong>Ordres<\/strong> d\u00e9signe une demande de votre part d&#039;acheter des marchandises chez nous.<\/li>\n\n\n\n<li><strong>Service<\/strong> fait r\u00e9f\u00e9rence au Site Web.<\/li>\n\n\n\n<li><strong>Site web<\/strong> fait r\u00e9f\u00e9rence \u00e0 Reload Retro, accessible depuis <a href=\"https:\/\/reloadretro.com\/fr\/\" rel=\"noreferrer noopener\" target=\"_blank\">https:\/\/reloadretro.com<\/a><\/li>\n\n\n\n<li><strong>Toi<\/strong> d\u00e9signe la personne qui acc\u00e8de au Service ou l&#039;utilise, ou la soci\u00e9t\u00e9 ou toute autre entit\u00e9 juridique au nom de laquelle cette personne acc\u00e8de au Service ou l&#039;utilise, selon le cas.<\/li>\n<\/ul>\n\n\n\n<h2 class=\"wp-block-heading\">Vos droits d&#039;annulation de commande<\/h2>\n\n\n\n<p>Vous avez le droit d\u2019annuler votre commande dans un d\u00e9lai de 14 jours sans donner de raison.<\/p>\n\n\n\n<p>Le d\u00e9lai d&#039;annulation d&#039;une Commande est de 14 jours \u00e0 compter de la date \u00e0 laquelle Vous avez re\u00e7u les Produits ou \u00e0 laquelle un tiers que Vous avez d\u00e9sign\u00e9, qui n&#039;est pas le transporteur, prend possession du produit livr\u00e9.<\/p>\n\n\n\n<p>Pour exercer votre droit de r\u00e9tractation, vous devez nous informer de votre d\u00e9cision au moyen d&#039;une d\u00e9claration d\u00e9nu\u00e9e d&#039;ambigu\u00eft\u00e9. Vous pouvez nous informer de votre d\u00e9cision par :<\/p>\n\n\n\n<ul class=\"wp-block-list\">\n<li>Par email : info@reloadretro.com<\/li>\n\n\n\n<li>En visitant cette page sur notre site Web : <a href=\"https:\/\/reloadretro.com\/fr\/contact\/\" rel=\"noreferrer noopener\" target=\"_blank\">https:\/\/reloadretro.com\/contact<\/a><\/li>\n<\/ul>\n\n\n\n<p>Nous Vous rembourserons au plus tard 14 jours \u00e0 compter du jour o\u00f9 Nous recevrons les Produits retourn\u00e9s. Nous utiliserons le m\u00eame moyen de paiement que celui que Vous avez utilis\u00e9 pour la Commande, et Vous n&#039;aurez aucun frais \u00e0 payer pour ce remboursement.<\/p>\n\n\n\n<h2 class=\"wp-block-heading\">Conditions de retour<\/h2>\n\n\n\n<p>Pour que les marchandises soient \u00e9ligibles \u00e0 un retour, veuillez vous assurer que :<\/p>\n\n\n\n<ul class=\"wp-block-list\">\n<li>Les marchandises ont \u00e9t\u00e9 achet\u00e9es au cours des 14 derniers jours<\/li>\n\n\n\n<li>Les marchandises sont dans l&#039;emballage d&#039;origine<\/li>\n<\/ul>\n\n\n\n<p>Les produits suivants ne peuvent pas \u00eatre retourn\u00e9s :<\/p>\n\n\n\n<ul class=\"wp-block-list\">\n<li>La fourniture de biens confectionn\u00e9s selon vos sp\u00e9cifications ou nettement personnalis\u00e9s.<\/li>\n\n\n\n<li>La fourniture de biens qui, de par leur nature, ne peuvent \u00eatre r\u00e9exp\u00e9di\u00e9s, se d\u00e9t\u00e9riorent rapidement ou dont la date de p\u00e9remption est d\u00e9pass\u00e9e.<\/li>\n\n\n\n<li>La fourniture de biens qui ne peuvent \u00eatre retourn\u00e9s pour des raisons de protection de la sant\u00e9 ou d&#039;hygi\u00e8ne et qui ont \u00e9t\u00e9 descell\u00e9s apr\u00e8s la livraison.<\/li>\n\n\n\n<li>La fourniture de biens qui, apr\u00e8s livraison, sont, de par leur nature, m\u00e9lang\u00e9s de mani\u00e8re indissociable \u00e0 d&#039;autres articles.<\/li>\n<\/ul>\n\n\n\n<p>Nous nous r\u00e9servons le droit de refuser le retour de toute marchandise qui ne r\u00e9pond pas aux conditions de retour ci-dessus, \u00e0 notre seule discr\u00e9tion.<\/p>\n\n\n\n<p>Seuls les produits \u00e0 prix r\u00e9gulier peuvent \u00eatre rembours\u00e9s. Malheureusement, les produits en solde ne peuvent pas \u00eatre rembours\u00e9s. Cette exclusion peut ne pas s&#039;appliquer \u00e0 vous si elle n&#039;est pas autoris\u00e9e par la loi applicable.<\/p>\n\n\n\n<h2 class=\"wp-block-heading\">Retour de marchandise<\/h2>\n\n\n\n<p>Vous \u00eates responsable des frais et des risques li\u00e9s au retour des marchandises. Vous devez envoyer les marchandises \u00e0 l&#039;adresse suivante :<\/p>\n\n\n\n<p>Novigradska 21, 23000 Zadar, Croatie<\/p>\n\n\n\n<p>Nous ne pouvons \u00eatre tenus responsables des marchandises endommag\u00e9es ou perdues lors du retour. Par cons\u00e9quent, nous recommandons un service de courrier assur\u00e9 et tra\u00e7able. Nous ne sommes pas en mesure d&#039;effectuer un remboursement sans r\u00e9ception r\u00e9elle des marchandises ou preuve de livraison de retour re\u00e7ue.<\/p>\n\n\n\n<h2 class=\"wp-block-heading\">Cadeaux<\/h2>\n\n\n\n<p>Si les produits ont \u00e9t\u00e9 marqu\u00e9s comme cadeau lors de l&#039;achat et qu&#039;ils vous ont \u00e9t\u00e9 exp\u00e9di\u00e9s directement, vous recevrez un cr\u00e9dit-cadeau correspondant \u00e0 la valeur de votre retour. Une fois le produit retourn\u00e9 re\u00e7u, un ch\u00e8que-cadeau vous sera envoy\u00e9 par courrier.<\/p>\n\n\n\n<p>Si les produits n&#039;ont pas \u00e9t\u00e9 marqu\u00e9s comme cadeau lors de l&#039;achat, ou si le donneur du cadeau a fait exp\u00e9dier la commande \u00e0 lui-m\u00eame pour vous la remettre plus tard, nous enverrons le remboursement au donneur du cadeau.<\/p>\n\n\n\n<h3 class=\"wp-block-heading\">Contactez-nous<\/h3>\n\n\n\n<p>Si vous avez des questions sur notre politique de retour et de remboursement, veuillez nous contacter :<\/p>\n\n\n\n<ul class=\"wp-block-list\">\n<li>Par email : info@reloadretro.com<\/li>\n\n\n\n<li>En visitant cette page sur notre site Web : <a href=\"https:\/\/reloadretro.com\/fr\/contact\/\" rel=\"noreferrer noopener\" target=\"_blank\">https:\/\/reloadretro.com\/contact<\/a><\/li>\n<\/ul>","protected":false},"excerpt":{"rendered":"<p>Return and Refund Policy Last updated: November 07, 2023 Thank you for shopping at Reload Retro. If, for any reason, You are not completely satisfied with a purchase We invite You to review our policy on refunds and returns. This Return and Refund Policy has been created with the help of the ReloadRetro The following [&hellip;]<\/p>","protected":false},"author":1,"featured_media":0,"parent":0,"menu_order":0,"comment_status":"closed","ping_status":"closed","template":"","meta":{"inline_featured_image":false,"site-sidebar-layout":"default","site-content-layout":"","ast-site-content-layout":"default","site-content-style":"default","site-sidebar-style":"default","ast-global-header-display":"","ast-banner-title-visibility":"","ast-main-header-display":"","ast-hfb-above-header-display":"","ast-hfb-below-header-display":"","ast-hfb-mobile-header-display":"","site-post-title":"","ast-breadcrumbs-content":"","ast-featured-img":"","footer-sml-layout":"","theme-transparent-header-meta":"","adv-header-id-meta":"","stick-header-meta":"","header-above-stick-meta":"","header-main-stick-meta":"","header-below-stick-meta":"","astra-migrate-meta-layouts":"set","ast-page-background-enabled":"default","ast-page-background-meta":{"desktop":{"background-color":"var(--ast-global-color-4)","background-image":"","background-repeat":"repeat","background-position":"center center","background-size":"auto","background-attachment":"scroll","background-type":"","background-media":"","overlay-type":"","overlay-color":"","overlay-opacity":"","overlay-gradient":""},"tablet":{"background-color":"","background-image":"","background-repeat":"repeat","background-position":"center center","background-size":"auto","background-attachment":"scroll","background-type":"","background-media":"","overlay-type":"","overlay-color":"","overlay-opacity":"","overlay-gradient":""},"mobile":{"background-color":"","background-image":"","background-repeat":"repeat","background-position":"center center","background-size":"auto","background-attachment":"scroll","background-type":"","background-media":"","overlay-type":"","overlay-color":"","overlay-opacity":"","overlay-gradient":""}},"ast-content-background-meta":{"desktop":{"background-color":"var(--ast-global-color-5)","background-image":"","background-repeat":"repeat","background-position":"center center","background-size":"auto","background-attachment":"scroll","background-type":"","background-media":"","overlay-type":"","overlay-color":"","overlay-opacity":"","overlay-gradient":""},"tablet":{"background-color":"var(--ast-global-color-5)","background-image":"","background-repeat":"repeat","background-position":"center center","background-size":"auto","background-attachment":"scroll","background-type":"","background-media":"","overlay-type":"","overlay-color":"","overlay-opacity":"","overlay-gradient":""},"mobile":{"background-color":"var(--ast-global-color-5)","background-image":"","background-repeat":"repeat","background-position":"center center","background-size":"auto","background-attachment":"scroll","background-type":"","background-media":"","overlay-type":"","overlay-color":"","overlay-opacity":"","overlay-gradient":""}},"footnotes":""},"class_list":["post-4879","page","type-page","status-publish","hentry"],"yoast_head":"<!-- This site is optimized with the Yoast SEO plugin v25.6 - https:\/\/yoast.com\/wordpress\/plugins\/seo\/ -->\n<title>Return &amp; Refund Policy &#8211; Reload Retro<\/title>\n<meta name=\"robots\" content=\"noindex, follow\" \/>\n<meta property=\"og:locale\" content=\"fr_FR\" \/>\n<meta property=\"og:type\" content=\"article\" \/>\n<meta property=\"og:title\" content=\"Return &amp; Refund Policy &#8211; Reload Retro\" \/>\n<meta property=\"og:description\" content=\"Return and Refund Policy Last updated: November 07, 2023 Thank you for shopping at Reload Retro. If, for any reason, You are not completely satisfied with a purchase We invite You to review our policy on refunds and returns. This Return and Refund Policy has been created with the help of the ReloadRetro The following [&hellip;]\" \/>\n<meta property=\"og:url\" content=\"https:\/\/reloadretro.com\/fr\/politique-de-retour-et-de-remboursement\/\" \/>\n<meta property=\"og:site_name\" content=\"Reload Retro\" \/>\n<meta property=\"article:modified_time\" content=\"2025-01-14T13:53:21+00:00\" \/>\n<meta property=\"og:image\" content=\"https:\/\/reloadretro.com\/wp-content\/uploads\/2023\/11\/crni-logo.png\" \/>\n\t<meta property=\"og:image:width\" content=\"688\" \/>\n\t<meta property=\"og:image:height\" content=\"275\" \/>\n\t<meta property=\"og:image:type\" content=\"image\/png\" \/>\n<meta name=\"twitter:card\" content=\"summary_large_image\" \/>\n<meta name=\"twitter:label1\" content=\"Dur\u00e9e de lecture estim\u00e9e\" \/>\n\t<meta name=\"twitter:data1\" content=\"3 minutes\" \/>\n<script type=\"application\/ld+json\" class=\"yoast-schema-graph\">{\"@context\":\"https:\/\/schema.org\",\"@graph\":[{\"@type\":\"WebPage\",\"@id\":\"https:\/\/reloadretro.com\/return-refund-policy\/\",\"url\":\"https:\/\/reloadretro.com\/return-refund-policy\/\",\"name\":\"Return &amp; Refund Policy &#8211; Reload Retro\",\"isPartOf\":{\"@id\":\"https:\/\/reloadretro.com\/#website\"},\"datePublished\":\"2023-11-07T15:55:08+00:00\",\"dateModified\":\"2025-01-14T13:53:21+00:00\",\"breadcrumb\":{\"@id\":\"https:\/\/reloadretro.com\/return-refund-policy\/#breadcrumb\"},\"inLanguage\":\"fr-FR\",\"potentialAction\":[{\"@type\":\"ReadAction\",\"target\":[\"https:\/\/reloadretro.com\/return-refund-policy\/\"]}]},{\"@type\":\"BreadcrumbList\",\"@id\":\"https:\/\/reloadretro.com\/return-refund-policy\/#breadcrumb\",\"itemListElement\":[{\"@type\":\"ListItem\",\"position\":1,\"name\":\"Home\",\"item\":\"https:\/\/reloadretro.com\/\"},{\"@type\":\"ListItem\",\"position\":2,\"name\":\"Return &amp; Refund Policy\"}]},{\"@type\":\"WebSite\",\"@id\":\"https:\/\/reloadretro.com\/#website\",\"url\":\"https:\/\/reloadretro.com\/\",\"name\":\"Reload Retro\",\"description\":\"Retro gaming consoles and more\",\"publisher\":{\"@id\":\"https:\/\/reloadretro.com\/#organization\"},\"alternateName\":\"RR\",\"potentialAction\":[{\"@type\":\"SearchAction\",\"target\":{\"@type\":\"EntryPoint\",\"urlTemplate\":\"https:\/\/reloadretro.com\/?s={search_term_string}\"},\"query-input\":{\"@type\":\"PropertyValueSpecification\",\"valueRequired\":true,\"valueName\":\"search_term_string\"}}],\"inLanguage\":\"fr-FR\"},{\"@type\":\"Organization\",\"@id\":\"https:\/\/reloadretro.com\/#organization\",\"name\":\"ReloadRetro\",\"alternateName\":\"RR\",\"url\":\"https:\/\/reloadretro.com\/\",\"logo\":{\"@type\":\"ImageObject\",\"inLanguage\":\"fr-FR\",\"@id\":\"https:\/\/reloadretro.com\/#\/schema\/logo\/image\/\",\"url\":\"https:\/\/reloadretro.com\/wp-content\/uploads\/2023\/11\/crni-logo.png\",\"contentUrl\":\"https:\/\/reloadretro.com\/wp-content\/uploads\/2023\/11\/crni-logo.png\",\"width\":688,\"height\":275,\"caption\":\"ReloadRetro\"},\"image\":{\"@id\":\"https:\/\/reloadretro.com\/#\/schema\/logo\/image\/\"}}]}<\/script>\n<!-- \/ Yoast SEO plugin. -->","yoast_head_json":{"title":"Return &amp; Refund Policy &#8211; Reload Retro","robots":{"index":"noindex","follow":"follow"},"og_locale":"fr_FR","og_type":"article","og_title":"Return &amp; Refund Policy &#8211; Reload Retro","og_description":"Return and Refund Policy Last updated: November 07, 2023 Thank you for shopping at Reload Retro. If, for any reason, You are not completely satisfied with a purchase We invite You to review our policy on refunds and returns. This Return and Refund Policy has been created with the help of the ReloadRetro The following [&hellip;]","og_url":"https:\/\/reloadretro.com\/fr\/politique-de-retour-et-de-remboursement\/","og_site_name":"Reload Retro","article_modified_time":"2025-01-14T13:53:21+00:00","og_image":[{"width":688,"height":275,"url":"https:\/\/reloadretro.com\/wp-content\/uploads\/2023\/11\/crni-logo.png","type":"image\/png"}],"twitter_card":"summary_large_image","twitter_misc":{"Dur\u00e9e de lecture estim\u00e9e":"3 minutes"},"schema":{"@context":"https:\/\/schema.org","@graph":[{"@type":"WebPage","@id":"https:\/\/reloadretro.com\/return-refund-policy\/","url":"https:\/\/reloadretro.com\/return-refund-policy\/","name":"Return &amp; Refund Policy &#8211; Reload Retro","isPartOf":{"@id":"https:\/\/reloadretro.com\/#website"},"datePublished":"2023-11-07T15:55:08+00:00","dateModified":"2025-01-14T13:53:21+00:00","breadcrumb":{"@id":"https:\/\/reloadretro.com\/return-refund-policy\/#breadcrumb"},"inLanguage":"fr-FR","potentialAction":[{"@type":"ReadAction","target":["https:\/\/reloadretro.com\/return-refund-policy\/"]}]},{"@type":"BreadcrumbList","@id":"https:\/\/reloadretro.com\/return-refund-policy\/#breadcrumb","itemListElement":[{"@type":"ListItem","position":1,"name":"Home","item":"https:\/\/reloadretro.com\/"},{"@type":"ListItem","position":2,"name":"Return &amp; Refund Policy"}]},{"@type":"WebSite","@id":"https:\/\/reloadretro.com\/#website","url":"https:\/\/reloadretro.com\/","name":"Reload Retro","description":"Retro gaming consoles and more","publisher":{"@id":"https:\/\/reloadretro.com\/#organization"},"alternateName":"RR","potentialAction":[{"@type":"SearchAction","target":{"@type":"EntryPoint","urlTemplate":"https:\/\/reloadretro.com\/?s={search_term_string}"},"query-input":{"@type":"PropertyValueSpecification","valueRequired":true,"valueName":"search_term_string"}}],"inLanguage":"fr-FR"},{"@type":"Organization","@id":"https:\/\/reloadretro.com\/#organization","name":"ReloadRetro","alternateName":"RR","url":"https:\/\/reloadretro.com\/","logo":{"@type":"ImageObject","inLanguage":"fr-FR","@id":"https:\/\/reloadretro.com\/#\/schema\/logo\/image\/","url":"https:\/\/reloadretro.com\/wp-content\/uploads\/2023\/11\/crni-logo.png","contentUrl":"https:\/\/reloadretro.com\/wp-content\/uploads\/2023\/11\/crni-logo.png","width":688,"height":275,"caption":"ReloadRetro"},"image":{"@id":"https:\/\/reloadretro.com\/#\/schema\/logo\/image\/"}}]}},"_links":{"self":[{"href":"https:\/\/reloadretro.com\/fr\/wp-json\/wp\/v2\/pages\/4879","targetHints":{"allow":["GET"]}}],"collection":[{"href":"https:\/\/reloadretro.com\/fr\/wp-json\/wp\/v2\/pages"}],"about":[{"href":"https:\/\/reloadretro.com\/fr\/wp-json\/wp\/v2\/types\/page"}],"author":[{"embeddable":true,"href":"https:\/\/reloadretro.com\/fr\/wp-json\/wp\/v2\/users\/1"}],"replies":[{"embeddable":true,"href":"https:\/\/reloadretro.com\/fr\/wp-json\/wp\/v2\/comments?post=4879"}],"version-history":[{"count":3,"href":"https:\/\/reloadretro.com\/fr\/wp-json\/wp\/v2\/pages\/4879\/revisions"}],"predecessor-version":[{"id":5389,"href":"https:\/\/reloadretro.com\/fr\/wp-json\/wp\/v2\/pages\/4879\/revisions\/5389"}],"wp:attachment":[{"href":"https:\/\/reloadretro.com\/fr\/wp-json\/wp\/v2\/media?parent=4879"}],"curies":[{"name":"wp","href":"https:\/\/api.w.org\/{rel}","templated":true}]}}