{"id":4825,"date":"2023-11-07T13:11:21","date_gmt":"2023-11-07T13:11:21","guid":{"rendered":"https:\/\/reloadretro.com\/?post_type=product&#038;p=4825"},"modified":"2025-10-17T17:26:01","modified_gmt":"2025-10-17T17:26:01","slug":"classic-mini-nes","status":"publish","type":"product","link":"https:\/\/reloadretro.com\/fr\/produit\/classique-mini-nes\/","title":{"rendered":"Mini-NES classique"},"content":{"rendered":"<h5><strong>Caract\u00e9ristiques:<\/strong><\/h5>\n<ul>\n<li style=\"list-style-type: none;\">\n<ul>\n<li><strong>Biblioth\u00e8que nostalgique :<\/strong> Plus de 400 jeux classiques pr\u00e9charg\u00e9s, notamment d&#039;action, de puzzles, de sports et de courses (avec 327 titres uniques).<\/li>\n<li><strong>Pr\u00eat \u00e0 l&#039;emploi :<\/strong> Configuration facile sans Internet, t\u00e9l\u00e9chargement ni insertion de carte requis : se connecte aux t\u00e9l\u00e9viseurs via la sortie AV.<\/li>\n<li><strong>Loisirs en famille :<\/strong> Deux contr\u00f4leurs inclus pour une action \u00e0 deux joueurs, parfaits pour les soir\u00e9es de jeux en famille.<\/li>\n<li><strong>Conception classique :<\/strong> Conception de console de jeu 8 bits intemporelle pour une exp\u00e9rience de jeu r\u00e9tro authentique.<\/li>\n<li><strong>Compatibilit\u00e9 t\u00e9l\u00e9vision :<\/strong> Prend en charge les t\u00e9l\u00e9viseurs anciens et intelligents avec sortie PAL\/NTSC, convertisseur AV vers HDMI inclus pour une connectivit\u00e9 moderne.<\/li>\n<li><strong>Pr\u00eat \u00e0 l&#039;emploi :<\/strong> Compatibilit\u00e9 d&#039;alimentation AC 110-220V avec une prise am\u00e9ricaine.<\/li>\n<li><strong>Pr\u00eat \u00e0 offrir :<\/strong> Id\u00e9al pour offrir lors d&#039;occasions sp\u00e9ciales, avec un voyage dans le pass\u00e9.<\/li>\n<\/ul>\n<\/li>\n<\/ul>\n<ul>\n<li><strong>Aucun co\u00fbt suppl\u00e9mentaire :<\/strong> Profitez d&#039;une exp\u00e9rience de jeu compl\u00e8te sans publicit\u00e9 ni achat suppl\u00e9mentaire.<\/li>\n<\/ul>\n<h5>Qu&#039;y a-t-il dans la bo\u00eete ?<\/h5>\n<p>1 x console de jeu<br \/>\n2 x contr\u00f4leurs<br \/>\n1 x c\u00e2ble AV avec convertisseur HDMI<br \/>\n1 x prise de courant<br \/>\n1 x Manuel<\/p>","protected":false},"excerpt":{"rendered":"<p>Entrez dans un paradis de pixels avec Classic Mini Nes ! Revivez les sensations fortes de l&#039;\u00e8re des arcades avec plus de 400 jeux int\u00e9gr\u00e9s pr\u00eats \u00e0 \u00eatre rejou\u00e9s ou d\u00e9couverts. Pas de chichis, pas d&#039;Internet, juste de la nostalgie et du plaisir \u00e0 l&#039;\u00e9tat pur en appuyant sur un bouton. Les deux contr\u00f4leurs ram\u00e8nent la comp\u00e9tition \u00e0 la maison, ce qui en fait le cadeau id\u00e9al pour raviver de vieilles rivalit\u00e9s ou initier une nouvelle g\u00e9n\u00e9ration \u00e0 l&#039;\u00e2ge d&#039;or du jeu. Le jeu est lanc\u00e9, les souvenirs vous attendent !<\/p>","protected":false},"featured_media":4829,"comment_status":"open","ping_status":"closed","template":"","meta":{"inline_featured_image":false,"site-sidebar-layout":"default","site-content-layout":"","ast-site-content-layout":"default","site-content-style":"default","site-sidebar-style":"default","ast-global-header-display":"","ast-banner-title-visibility":"","ast-main-header-display":"","ast-hfb-above-header-display":"","ast-hfb-below-header-display":"","ast-hfb-mobile-header-display":"","site-post-title":"","ast-breadcrumbs-content":"","ast-featured-img":"","footer-sml-layout":"","theme-transparent-header-meta":"default","adv-header-id-meta":"","stick-header-meta":"default","header-above-stick-meta":"","header-main-stick-meta":"","header-below-stick-meta":"","astra-migrate-meta-layouts":"set","ast-page-background-enabled":"default","ast-page-background-meta":{"desktop":{"background-color":"var(--ast-global-color-4)","background-image":"","background-repeat":"repeat","background-position":"center center","background-size":"auto","background-attachment":"scroll","background-type":"","background-media":"","overlay-type":"","overlay-color":"","overlay-opacity":"","overlay-gradient":""},"tablet":{"background-color":"","background-image":"","background-repeat":"repeat","background-position":"center center","background-size":"auto","background-attachment":"scroll","background-type":"","background-media":"","overlay-type":"","overlay-color":"","overlay-opacity":"","overlay-gradient":""},"mobile":{"background-color":"","background-image":"","background-repeat":"repeat","background-position":"center center","background-size":"auto","background-attachment":"scroll","background-type":"","background-media":"","overlay-type":"","overlay-color":"","overlay-opacity":"","overlay-gradient":""}},"ast-content-background-meta":{"desktop":{"background-color":"var(--ast-global-color-5)","background-image":"","background-repeat":"repeat","background-position":"center center","background-size":"auto","background-attachment":"scroll","background-type":"","background-media":"","overlay-type":"","overlay-color":"","overlay-opacity":"","overlay-gradient":""},"tablet":{"background-color":"var(--ast-global-color-5)","background-image":"","background-repeat":"repeat","background-position":"center center","background-size":"auto","background-attachment":"scroll","background-type":"","background-media":"","overlay-type":"","overlay-color":"","overlay-opacity":"","overlay-gradient":""},"mobile":{"background-color":"var(--ast-global-color-5)","background-image":"","background-repeat":"repeat","background-position":"center center","background-size":"auto","background-attachment":"scroll","background-type":"","background-media":"","overlay-type":"","overlay-color":"","overlay-opacity":"","overlay-gradient":""}}},"product_brand":[],"product_cat":[210],"product_tag":[222],"class_list":{"0":"post-4825","1":"product","2":"type-product","3":"status-publish","4":"has-post-thumbnail","6":"product_cat-retro-video-game-console","7":"product_tag-mini","8":"desktop-align-center","9":"tablet-align-left","10":"mobile-align-left","11":"ast-product-gallery-layout-horizontal","12":"ast-product-single-variable","13":"ast-product-tabs-layout-horizontal","15":"first","16":"instock","17":"sale","18":"shipping-taxable","19":"purchasable","20":"product-type-variable"},"yoast_head":"<!-- This site is optimized with the Yoast SEO plugin v25.6 - https:\/\/yoast.com\/wordpress\/plugins\/seo\/ -->\n<title>Classic Mini Nes &#8211; Reload Retro<\/title>\n<meta name=\"robots\" content=\"index, follow, max-snippet:-1, max-image-preview:large, max-video-preview:-1\" \/>\n<link rel=\"canonical\" href=\"https:\/\/reloadretro.com\/fr\/produit\/classique-mini-nes\/\" \/>\n<meta property=\"og:locale\" content=\"fr_FR\" \/>\n<meta property=\"og:type\" content=\"article\" \/>\n<meta property=\"og:title\" content=\"Classic Mini Nes &#8211; Reload Retro\" \/>\n<meta property=\"og:description\" content=\"Step into a pixel paradise with Classic Mini Nes! Rekindle the thrills of the arcade era with 400+ built-in games ready to replay or discover. No fuss, no internet, just pure nostalgia and fun at the push of a button. Dual controllers bring the competition home, making it the perfect gift to ignite old rivalries or introduce a new generation to the golden age of gaming. Game on, memory lane awaits!\" \/>\n<meta property=\"og:url\" content=\"https:\/\/reloadretro.com\/fr\/produit\/classique-mini-nes\/\" \/>\n<meta property=\"og:site_name\" content=\"Reload Retro\" \/>\n<meta property=\"article:modified_time\" content=\"2025-10-17T17:26:01+00:00\" \/>\n<meta property=\"og:image\" content=\"https:\/\/reloadretro.com\/wp-content\/uploads\/2023\/11\/main-image-1.jpeg\" \/>\n\t<meta property=\"og:image:width\" content=\"800\" \/>\n\t<meta property=\"og:image:height\" content=\"800\" \/>\n\t<meta property=\"og:image:type\" content=\"image\/jpeg\" \/>\n<meta name=\"twitter:card\" content=\"summary_large_image\" \/>\n<meta name=\"twitter:label1\" content=\"Dur\u00e9e de lecture estim\u00e9e\" \/>\n\t<meta name=\"twitter:data1\" content=\"1 minute\" \/>\n<script type=\"application\/ld+json\" class=\"yoast-schema-graph\">{\"@context\":\"https:\/\/schema.org\",\"@graph\":[{\"@type\":\"WebPage\",\"@id\":\"https:\/\/reloadretro.com\/product\/classic-mini-nes\/\",\"url\":\"https:\/\/reloadretro.com\/product\/classic-mini-nes\/\",\"name\":\"Classic Mini Nes &#8211; Reload Retro\",\"isPartOf\":{\"@id\":\"https:\/\/reloadretro.com\/#website\"},\"primaryImageOfPage\":{\"@id\":\"https:\/\/reloadretro.com\/product\/classic-mini-nes\/#primaryimage\"},\"image\":{\"@id\":\"https:\/\/reloadretro.com\/product\/classic-mini-nes\/#primaryimage\"},\"thumbnailUrl\":\"https:\/\/reloadretro.com\/wp-content\/uploads\/2023\/11\/main-image-1.jpeg\",\"datePublished\":\"2023-11-07T13:11:21+00:00\",\"dateModified\":\"2025-10-17T17:26:01+00:00\",\"breadcrumb\":{\"@id\":\"https:\/\/reloadretro.com\/product\/classic-mini-nes\/#breadcrumb\"},\"inLanguage\":\"fr-FR\",\"potentialAction\":[{\"@type\":\"ReadAction\",\"target\":[\"https:\/\/reloadretro.com\/product\/classic-mini-nes\/\"]}]},{\"@type\":\"ImageObject\",\"inLanguage\":\"fr-FR\",\"@id\":\"https:\/\/reloadretro.com\/product\/classic-mini-nes\/#primaryimage\",\"url\":\"https:\/\/reloadretro.com\/wp-content\/uploads\/2023\/11\/main-image-1.jpeg\",\"contentUrl\":\"https:\/\/reloadretro.com\/wp-content\/uploads\/2023\/11\/main-image-1.jpeg\",\"width\":800,\"height\":800},{\"@type\":\"BreadcrumbList\",\"@id\":\"https:\/\/reloadretro.com\/product\/classic-mini-nes\/#breadcrumb\",\"itemListElement\":[{\"@type\":\"ListItem\",\"position\":1,\"name\":\"Home\",\"item\":\"https:\/\/reloadretro.com\/\"},{\"@type\":\"ListItem\",\"position\":2,\"name\":\"Shop\",\"item\":\"https:\/\/reloadretro.com\/shop\/\"},{\"@type\":\"ListItem\",\"position\":3,\"name\":\"Classic Mini Nes\"}]},{\"@type\":\"WebSite\",\"@id\":\"https:\/\/reloadretro.com\/#website\",\"url\":\"https:\/\/reloadretro.com\/\",\"name\":\"Reload Retro\",\"description\":\"Retro gaming consoles and more\",\"publisher\":{\"@id\":\"https:\/\/reloadretro.com\/#organization\"},\"alternateName\":\"RR\",\"potentialAction\":[{\"@type\":\"SearchAction\",\"target\":{\"@type\":\"EntryPoint\",\"urlTemplate\":\"https:\/\/reloadretro.com\/?s={search_term_string}\"},\"query-input\":{\"@type\":\"PropertyValueSpecification\",\"valueRequired\":true,\"valueName\":\"search_term_string\"}}],\"inLanguage\":\"fr-FR\"},{\"@type\":\"Organization\",\"@id\":\"https:\/\/reloadretro.com\/#organization\",\"name\":\"ReloadRetro\",\"alternateName\":\"RR\",\"url\":\"https:\/\/reloadretro.com\/\",\"logo\":{\"@type\":\"ImageObject\",\"inLanguage\":\"fr-FR\",\"@id\":\"https:\/\/reloadretro.com\/#\/schema\/logo\/image\/\",\"url\":\"https:\/\/reloadretro.com\/wp-content\/uploads\/2023\/11\/crni-logo.png\",\"contentUrl\":\"https:\/\/reloadretro.com\/wp-content\/uploads\/2023\/11\/crni-logo.png\",\"width\":688,\"height\":275,\"caption\":\"ReloadRetro\"},\"image\":{\"@id\":\"https:\/\/reloadretro.com\/#\/schema\/logo\/image\/\"}}]}<\/script>\n<!-- \/ Yoast SEO plugin. -->","yoast_head_json":{"title":"Classic Mini Nes &#8211; Reload Retro","robots":{"index":"index","follow":"follow","max-snippet":"max-snippet:-1","max-image-preview":"max-image-preview:large","max-video-preview":"max-video-preview:-1"},"canonical":"https:\/\/reloadretro.com\/fr\/produit\/classique-mini-nes\/","og_locale":"fr_FR","og_type":"article","og_title":"Classic Mini Nes &#8211; Reload Retro","og_description":"Step into a pixel paradise with Classic Mini Nes! Rekindle the thrills of the arcade era with 400+ built-in games ready to replay or discover. No fuss, no internet, just pure nostalgia and fun at the push of a button. Dual controllers bring the competition home, making it the perfect gift to ignite old rivalries or introduce a new generation to the golden age of gaming. Game on, memory lane awaits!","og_url":"https:\/\/reloadretro.com\/fr\/produit\/classique-mini-nes\/","og_site_name":"Reload Retro","article_modified_time":"2025-10-17T17:26:01+00:00","og_image":[{"width":800,"height":800,"url":"https:\/\/reloadretro.com\/wp-content\/uploads\/2023\/11\/main-image-1.jpeg","type":"image\/jpeg"}],"twitter_card":"summary_large_image","twitter_misc":{"Dur\u00e9e de lecture estim\u00e9e":"1 minute"},"schema":{"@context":"https:\/\/schema.org","@graph":[{"@type":"WebPage","@id":"https:\/\/reloadretro.com\/product\/classic-mini-nes\/","url":"https:\/\/reloadretro.com\/product\/classic-mini-nes\/","name":"Classic Mini Nes &#8211; Reload Retro","isPartOf":{"@id":"https:\/\/reloadretro.com\/#website"},"primaryImageOfPage":{"@id":"https:\/\/reloadretro.com\/product\/classic-mini-nes\/#primaryimage"},"image":{"@id":"https:\/\/reloadretro.com\/product\/classic-mini-nes\/#primaryimage"},"thumbnailUrl":"https:\/\/reloadretro.com\/wp-content\/uploads\/2023\/11\/main-image-1.jpeg","datePublished":"2023-11-07T13:11:21+00:00","dateModified":"2025-10-17T17:26:01+00:00","breadcrumb":{"@id":"https:\/\/reloadretro.com\/product\/classic-mini-nes\/#breadcrumb"},"inLanguage":"fr-FR","potentialAction":[{"@type":"ReadAction","target":["https:\/\/reloadretro.com\/product\/classic-mini-nes\/"]}]},{"@type":"ImageObject","inLanguage":"fr-FR","@id":"https:\/\/reloadretro.com\/product\/classic-mini-nes\/#primaryimage","url":"https:\/\/reloadretro.com\/wp-content\/uploads\/2023\/11\/main-image-1.jpeg","contentUrl":"https:\/\/reloadretro.com\/wp-content\/uploads\/2023\/11\/main-image-1.jpeg","width":800,"height":800},{"@type":"BreadcrumbList","@id":"https:\/\/reloadretro.com\/product\/classic-mini-nes\/#breadcrumb","itemListElement":[{"@type":"ListItem","position":1,"name":"Home","item":"https:\/\/reloadretro.com\/"},{"@type":"ListItem","position":2,"name":"Shop","item":"https:\/\/reloadretro.com\/shop\/"},{"@type":"ListItem","position":3,"name":"Classic Mini Nes"}]},{"@type":"WebSite","@id":"https:\/\/reloadretro.com\/#website","url":"https:\/\/reloadretro.com\/","name":"Reload Retro","description":"Retro gaming consoles and more","publisher":{"@id":"https:\/\/reloadretro.com\/#organization"},"alternateName":"RR","potentialAction":[{"@type":"SearchAction","target":{"@type":"EntryPoint","urlTemplate":"https:\/\/reloadretro.com\/?s={search_term_string}"},"query-input":{"@type":"PropertyValueSpecification","valueRequired":true,"valueName":"search_term_string"}}],"inLanguage":"fr-FR"},{"@type":"Organization","@id":"https:\/\/reloadretro.com\/#organization","name":"ReloadRetro","alternateName":"RR","url":"https:\/\/reloadretro.com\/","logo":{"@type":"ImageObject","inLanguage":"fr-FR","@id":"https:\/\/reloadretro.com\/#\/schema\/logo\/image\/","url":"https:\/\/reloadretro.com\/wp-content\/uploads\/2023\/11\/crni-logo.png","contentUrl":"https:\/\/reloadretro.com\/wp-content\/uploads\/2023\/11\/crni-logo.png","width":688,"height":275,"caption":"ReloadRetro"},"image":{"@id":"https:\/\/reloadretro.com\/#\/schema\/logo\/image\/"}}]}},"_links":{"self":[{"href":"https:\/\/reloadretro.com\/fr\/wp-json\/wp\/v2\/product\/4825","targetHints":{"allow":["GET"]}}],"collection":[{"href":"https:\/\/reloadretro.com\/fr\/wp-json\/wp\/v2\/product"}],"about":[{"href":"https:\/\/reloadretro.com\/fr\/wp-json\/wp\/v2\/types\/product"}],"replies":[{"embeddable":true,"href":"https:\/\/reloadretro.com\/fr\/wp-json\/wp\/v2\/comments?post=4825"}],"wp:featuredmedia":[{"embeddable":true,"href":"https:\/\/reloadretro.com\/fr\/wp-json\/wp\/v2\/media\/4829"}],"wp:attachment":[{"href":"https:\/\/reloadretro.com\/fr\/wp-json\/wp\/v2\/media?parent=4825"}],"wp:term":[{"taxonomy":"product_brand","embeddable":true,"href":"https:\/\/reloadretro.com\/fr\/wp-json\/wp\/v2\/product_brand?post=4825"},{"taxonomy":"product_cat","embeddable":true,"href":"https:\/\/reloadretro.com\/fr\/wp-json\/wp\/v2\/product_cat?post=4825"},{"taxonomy":"product_tag","embeddable":true,"href":"https:\/\/reloadretro.com\/fr\/wp-json\/wp\/v2\/product_tag?post=4825"}],"curies":[{"name":"wp","href":"https:\/\/api.w.org\/{rel}","templated":true}]}}